{"id":551,"date":"2023-07-28T17:28:31","date_gmt":"2023-07-28T17:28:31","guid":{"rendered":"https:\/\/wordpress.validthemes.net\/avrix\/?page_id=551"},"modified":"2024-06-07T00:33:01","modified_gmt":"2024-06-07T03:33:01","slug":"about-us","status":"publish","type":"page","link":"https:\/\/flui.pro\/index.php\/about-us\/","title":{"rendered":"Sobre n\u00f3s"},"content":{"rendered":"\t\t<div data-elementor-type=\"wp-page\" data-elementor-id=\"551\" class=\"elementor elementor-551\" data-elementor-post-type=\"page\">\n\t\t\t\t\t\t<section class=\"elementor-section elementor-top-section elementor-element elementor-element-009dc6b elementor-section-full_width elementor-section-height-default elementor-section-height-default\" data-id=\"009dc6b\" data-element_type=\"section\" data-e-type=\"section\">\n\t\t\t\t\t\t<div class=\"elementor-container elementor-column-gap-no\">\n\t\t\t\t\t<div class=\"elementor-column elementor-col-100 elementor-top-column elementor-element elementor-element-eb8812c\" data-id=\"eb8812c\" data-element_type=\"column\" data-e-type=\"column\">\n\t\t\t<div class=\"elementor-widget-wrap\">\n\t\t\t\t\t\t\t<\/div>\n\t\t<\/div>\n\t\t\t\t\t<\/div>\n\t\t<\/section>\n\t\t\t\t<section class=\"elementor-section elementor-top-section elementor-element elementor-element-42f7e2b elementor-section-full_width elementor-section-height-default elementor-section-height-default\" data-id=\"42f7e2b\" data-element_type=\"section\" data-e-type=\"section\" data-settings=\"{&quot;background_background&quot;:&quot;classic&quot;}\">\n\t\t\t\t\t\t<div class=\"elementor-container elementor-column-gap-no\">\n\t\t\t\t\t<div class=\"elementor-column elementor-col-100 elementor-top-column elementor-element elementor-element-d3bb31e\" data-id=\"d3bb31e\" data-element_type=\"column\" data-e-type=\"column\">\n\t\t\t<div class=\"elementor-widget-wrap elementor-element-populated\">\n\t\t\t\t\t\t<div class=\"elementor-element elementor-element-44eb8c6 elementor-widget elementor-widget-avrixaboutus\" data-id=\"44eb8c6\" data-element_type=\"widget\" data-e-type=\"widget\" data-widget_type=\"avrixaboutus.default\">\n\t\t\t\t<div class=\"elementor-widget-container\">\n\t\t\t\t\t<div class=\"about-area \"><div class=\"blur-bg-theme\"><\/div><div class=\"container\"><div class=\"row\"><div class=\"col-lg-7\"><div class=\"about-style-one-thumb animate\" data-animate=\"fadeInUp\"><img decoding=\"async\" src=\"https:\/\/flui.pro\/wp-content\/uploads\/2023\/07\/apps-e-Sites-Flui-programacao.jpg\" alt=\"Image Not Found\"><div class=\"fun-fact text-light animate\" data-animate=\"fadeInDown\" data-duration=\"1s\"><div class=\"counter\"><div class=\"timer\" data-to=\"4\" data-speed=\"2000\">4<\/div><div class=\"operator\">mil<\/div><\/div><span class=\"medium\">Projetos entregues<\/span><\/div><\/div><\/div><div class=\"col-lg-5 pl-80 pl-md-15 pl-xs-15\"><div class=\"about-style-one\"><h2 class=\"title mb-30\">Bem-vindo \u00e0 Flui.pro<\/h2><p>Onde a excel\u00eancia em servi\u00e7os digitais \u00e9 nossa miss\u00e3o. Com mais de 12 anos de experi\u00eancia no mercado, oferecemos solu\u00e7\u00f5es inovadoras e personalizadas para atender \u00e0s necessidades de nossos clientes. Nossa equipe \u00e9 composta por profissionais altamente qualificados em desenvolvimento de sites e aplicativos com WordPress, cria\u00e7\u00e3o de artes para redes sociais, consultoria e automa\u00e7\u00e3o de conte\u00fado com intelig\u00eancia artificial, e design de identidade visual.<\/p><a href=\"https:\/\/wa.me\/5562993361143\" class=\"arrow-btn\"><i class=\"fas fa-arrow-right\"><\/i><\/a><\/div><\/div><\/div><\/div><\/div>\t\t\t\t<\/div>\n\t\t\t\t<\/div>\n\t\t\t\t<div class=\"elementor-element elementor-element-2fa7632 elementor-widget elementor-widget-avrixcounterup\" data-id=\"2fa7632\" data-element_type=\"widget\" data-e-type=\"widget\" data-widget_type=\"avrixcounterup.default\">\n\t\t\t\t<div class=\"elementor-widget-container\">\n\t\t\t\t\t<div class=\"fun-factor-circle-area\"><div class=\"container\"><div class=\"row\"><div class=\"col-lg-12\"><div class=\"fun-fact-circle-lists\"><!-- Single item --><div class=\"fun-fact animate\" data-animate=\"fadeInDown\"><div class=\"counter\"><div class=\"timer\" data-to=\"3\" data-speed=\"3000\">3<\/div><div class=\"operator\">k<\/div><\/div><span class=\"medium\">de clientes pelo mundo<\/span><\/div><!-- End Single item --><!-- Single item --><div class=\"fun-fact animate\" data-animate=\"fadeInDown\"><div class=\"counter\"><div class=\"timer\" data-to=\"98\" data-speed=\"3000\">98<\/div><div class=\"operator\">%<\/div><\/div><span class=\"medium\">de avalia\u00e7\u00f5es positivas<\/span><\/div><!-- End Single item --><!-- Single item --><div class=\"fun-fact animate\" data-animate=\"fadeInDown\"><div class=\"counter\"><div class=\"timer\" data-to=\"80\" data-speed=\"3000\">80<\/div><div class=\"operator\">+<\/div><\/div><span class=\"medium\">Atendimentos por semana<\/span><\/div><!-- End Single item --><!-- Single item --><div class=\"fun-fact animate\" data-animate=\"fadeInDown\"><div class=\"counter\"><div class=\"timer\" data-to=\"12\" data-speed=\"3000\">12<\/div><div class=\"operator\">+<\/div><\/div><span class=\"medium\">Anos de Experi\u00eancia<\/span><\/div><!-- End Single item --><\/div><\/div><\/div><\/div><\/div>\t\t\t\t<\/div>\n\t\t\t\t<\/div>\n\t\t\t\t\t<\/div>\n\t\t<\/div>\n\t\t\t\t\t<\/div>\n\t\t<\/section>\n\t\t\t\t<section class=\"elementor-section elementor-top-section elementor-element elementor-element-a3aefe5 elementor-section-full_width elementor-section-height-default elementor-section-height-default\" data-id=\"a3aefe5\" data-element_type=\"section\" data-e-type=\"section\" data-settings=\"{&quot;background_background&quot;:&quot;classic&quot;}\">\n\t\t\t\t\t\t<div class=\"elementor-container elementor-column-gap-no\">\n\t\t\t\t\t<div class=\"elementor-column elementor-col-100 elementor-top-column elementor-element elementor-element-13cf708\" data-id=\"13cf708\" data-element_type=\"column\" data-e-type=\"column\">\n\t\t\t<div class=\"elementor-widget-wrap\">\n\t\t\t\t\t\t\t<\/div>\n\t\t<\/div>\n\t\t\t\t\t<\/div>\n\t\t<\/section>\n\t\t\t\t<section class=\"elementor-section elementor-top-section elementor-element elementor-element-0d77293 elementor-section-full_width elementor-section-height-default elementor-section-height-default\" data-id=\"0d77293\" data-element_type=\"section\" data-e-type=\"section\">\n\t\t\t\t\t\t<div class=\"elementor-container elementor-column-gap-no\">\n\t\t\t\t\t<div class=\"elementor-column elementor-col-100 elementor-top-column elementor-element elementor-element-2eab3b7\" data-id=\"2eab3b7\" data-element_type=\"column\" data-e-type=\"column\">\n\t\t\t<div class=\"elementor-widget-wrap elementor-element-populated\">\n\t\t\t\t\t\t<div class=\"elementor-element elementor-element-fc56f3d elementor-widget elementor-widget-avrixtestimonials\" data-id=\"fc56f3d\" data-element_type=\"widget\" data-e-type=\"widget\" data-widget_type=\"avrixtestimonials.default\">\n\t\t\t\t<div class=\"elementor-widget-container\">\n\t\t\t\t\t<!------------------------------- Testimonials Area start -------------------------------><div class=\"testimonial-style-one-area\"><div class=\"container\"><div class=\"heading-left\"><div class=\"row\"><div class=\"col-lg-6\"><div class=\"content-left\"><h4 class=\"sub-title\">Reviews<\/h4><h2 class=\"title\">O que falam sobre n\u00f3s <\/h2><\/div><\/div><\/div><\/div><\/div><div class=\"container\"><div class=\"row\"><div class=\"testimonial-one-carousel-box\"><div class=\"testimonial-style-one-carousel swiper\"><!-- Additional required wrapper --><div class=\"swiper-wrapper\"><!-- Single item --><div class=\"swiper-slide\"><div class=\"testimonial-style-one\"><div class=\"provider\"><div class=\"thumb\"><img decoding=\"async\" src=\"https:\/\/flui.pro\/wp-content\/uploads\/2024\/04\/vinicius-wiesehofer-658455-unsplash.jpg\" alt=\"flui\"  \/><div class=\"quote\"><img decoding=\"async\" src=\"https:\/\/wordpress.validthemes.net\/avrix\/wp-content\/uploads\/2023\/07\/quote-big.png\" alt=\"flui\"  \/><\/div><\/div><div class=\"info\"><h4>Mariana Lima<\/h4><span>Gerente de Marketing da Fashion Desapega e Pega<\/span><\/div><\/div><div class=\"content\"><div class=\"rating\"><i class=\"fas fa-star\"><\/i><i class=\"fas fa-star\"><\/i><i class=\"fas fa-star\"><\/i><i class=\"fas fa-star\"><\/i><i class=\"fas fa-star\"><\/i><\/div><p>Eles tem um talento incr\u00edvel para cria\u00e7\u00e3o de artes para redes sociais. Cada pe\u00e7a \u00e9 cuidadosamente elaborada para capturar a ess\u00eancia da nossa marca. Desde que come\u00e7amos a trabalhar com ele, nosso engajamento nas redes sociais aumentou significativamente. A qualidade do trabalho e a pontualidade na entrega s\u00e3o impec\u00e1veis.&quot; - Mariana Lima, Gerente de Marketing da Fashion Desapega e Pega<\/p><\/div><\/div><\/div><!-- End Single item --><!-- Single item --><div class=\"swiper-slide\"><div class=\"testimonial-style-one\"><div class=\"provider\"><div class=\"thumb\"><img decoding=\"async\" src=\"https:\/\/flui.pro\/wp-content\/uploads\/2024\/06\/review-1.jpg\" alt=\"flui\"  \/><div class=\"quote\"><img decoding=\"async\" src=\"https:\/\/wordpress.validthemes.net\/avrix\/wp-content\/uploads\/2023\/07\/quote-big.png\" alt=\"flui\"  \/><\/div><\/div><div class=\"info\"><h4>Carlos Mendes<\/h4><span>Propriet\u00e1rio da Vegavida <\/span><\/div><\/div><div class=\"content\"><div class=\"rating\"><i class=\"fas fa-star\"><\/i><i class=\"fas fa-star\"><\/i><i class=\"fas fa-star\"><\/i><i class=\"fas fa-star\"><\/i><i class=\"fas fa-star\"><\/i><\/div><p>&quot;Trabalhar com a Flui no desenvolvimento do nosso site foi uma experi\u00eancia incr\u00edvel. Eles transformaram nossas ideias em um site funcional e esteticamente agrad\u00e1vel. Sua expertise em WordPress \u00e9 evidente em cada detalhe. Al\u00e9m disso, a comunica\u00e7\u00e3o foi excelente durante todo o processo. Estamos extremamente satisfeitos com o resultado e recomendamos seus servi\u00e7os a qualquer pessoa que precise de um site profissional.&quot; - Carlos Mendes, Propriet\u00e1rio da Vegavida <\/p><\/div><\/div><\/div><!-- End Single item --><!-- Single item --><div class=\"swiper-slide\"><div class=\"testimonial-style-one\"><div class=\"provider\"><div class=\"thumb\"><img decoding=\"async\" src=\"https:\/\/flui.pro\/wp-content\/uploads\/2024\/04\/man2.jpg\" alt=\"flui\"  \/><div class=\"quote\"><img decoding=\"async\" src=\"https:\/\/wordpress.validthemes.net\/avrix\/wp-content\/uploads\/2023\/07\/quote-big.png\" alt=\"flui\"  \/><\/div><\/div><div class=\"info\"><h4>Bruno Pereira<\/h4><span>Propiet\u00e1rio da FutureTech<\/span><\/div><\/div><div class=\"content\"><div class=\"rating\"><i class=\"fas fa-star\"><\/i><i class=\"fas fa-star\"><\/i><i class=\"fas fa-star\"><\/i><i class=\"fas fa-star\"><\/i><i class=\"fas fa-star\"><\/i><\/div><p>Trabalhar com a Flui na cria\u00e7\u00e3o da nossa identidade visual foi uma experi\u00eancia fant\u00e1stica. Felipe nos guiou atrav\u00e9s de cada etapa do processo e entregou um design que realmente se destaca. A nova identidade visual nos deu uma presen\u00e7a mais profissional e coesa no mercado. Altamente recomendado!&quot; - Bruno Pereira, CEO da FutureTech<\/p><\/div><\/div><\/div><!-- End Single item --><\/div><\/div><!-- Navigation --><div class=\"testimonial-one-swiper-nav\"><!-- Pagination --><div class=\"testimonial-one-pagination\"><\/div><div class=\"testimonial-one-button-prev\"><\/div><div class=\"testimonial-one-button-next\"><\/div><\/div><\/div><\/div><\/div><\/div><!--------------------------------- Testimonials Area end --------------------------------->\t\t\t\t<\/div>\n\t\t\t\t<\/div>\n\t\t\t\t<div class=\"elementor-element elementor-element-bc929a1 elementor-widget elementor-widget-avrixwcu\" data-id=\"bc929a1\" data-element_type=\"widget\" data-e-type=\"widget\" data-widget_type=\"avrixwcu.default\">\n\t\t\t\t<div class=\"elementor-widget-container\">\n\t\t\t\t\t<div class=\"choose-us-style-one-area\"><div class=\"container\"><div class=\"row align-center\"><div class=\"col-lg-6\"><div class=\"choose-us-style-one-thumb\"><img decoding=\"async\" src=\"https:\/\/wordpress.validthemes.net\/avrix\/wp-content\/uploads\/2023\/07\/2-1.jpg\" alt=\"flui\"  \/><a href=\"https:\/\/wa.me\/5562993361143\" class=\"popup-youtube video-play-button\"><i class=\"fas fa-play\"><\/i><div class=\"effect\"><\/div><\/a><\/div><\/div><div class=\"col-lg-5 offset-lg-1\"><div class=\"choose-us-style-one d-flex-between\"><div class=\"top-info\"><h4 class=\"sub-title\">Porque a Flui.pro<\/h4><h2 class=\"title\">porque aqui o seu projeto flui melhor<\/h2><\/div><div class=\"bottom-info\"><ul class=\"list-item\"><li>Desenvolvimento r\u00e1pido <strong>01<\/strong><\/li><li>Foco na experi\u00eancia do usu\u00e1rio <strong>02<\/strong><\/li><li>Tecnologia de ponta <strong>03<\/strong><\/li><li>Design impec\u00e1vel <strong>04<\/strong><\/li><\/ul><\/div><\/div><\/div><\/div><\/div><\/div>\t\t\t\t<\/div>\n\t\t\t\t<\/div>\n\t\t\t\t\t<\/div>\n\t\t<\/div>\n\t\t\t\t\t<\/div>\n\t\t<\/section>\n\t\t\t\t<section class=\"elementor-section elementor-top-section elementor-element elementor-element-35d367b elementor-section-full_width elementor-section-height-default elementor-section-height-default\" data-id=\"35d367b\" data-element_type=\"section\" data-e-type=\"section\" data-settings=\"{&quot;background_background&quot;:&quot;classic&quot;}\">\n\t\t\t\t\t\t<div class=\"elementor-container elementor-column-gap-no\">\n\t\t\t\t\t<div class=\"elementor-column elementor-col-100 elementor-top-column elementor-element elementor-element-7802b5b\" data-id=\"7802b5b\" data-element_type=\"column\" data-e-type=\"column\">\n\t\t\t<div class=\"elementor-widget-wrap elementor-element-populated\">\n\t\t\t\t\t\t<div class=\"elementor-element elementor-element-962ef86 elementor-widget elementor-widget-avrixbrand\" data-id=\"962ef86\" data-element_type=\"widget\" data-e-type=\"widget\" data-widget_type=\"avrixbrand.default\">\n\t\t\t\t<div class=\"elementor-widget-container\">\n\t\t\t\t\t<div class=\"clietns-area default-padding-bottom text-light\"><div class=\"container\"><div class=\"client-items\"><div class=\"row align-center\"><div class=\"col-lg-5\"><h5>Junte-se aos nossos clientes.<\/h5><h2 class=\"title\">Experimente a nossa experi\u00eancia \u00fanica que podemos oferecer<\/h2><a class=\"btn mt-25 btn-gradient btn-sm\" href=\"https:\/\/wa.me\/5562993361143\">Entrar em contato<\/a><\/div><div class=\"col-lg-7\"><div class=\"client-item-box\"><div class=\"partner-box\"><div class=\"item\"><img decoding=\"async\" src=\"https:\/\/wordpress.validthemes.net\/avrix\/wp-content\/uploads\/2023\/07\/atlassian.png\" alt=\"flui\"  \/><\/div><div class=\"item\"><img decoding=\"async\" src=\"https:\/\/wordpress.validthemes.net\/avrix\/wp-content\/uploads\/2023\/07\/figma.png\" alt=\"flui\"  \/><\/div><div class=\"item\"><img decoding=\"async\" src=\"https:\/\/wordpress.validthemes.net\/avrix\/wp-content\/uploads\/2023\/07\/react.png\" alt=\"flui\"  \/><\/div><div class=\"item\"><img decoding=\"async\" src=\"https:\/\/wordpress.validthemes.net\/avrix\/wp-content\/uploads\/2023\/07\/wordpress.png\" alt=\"flui\"  \/><\/div><\/div><div class=\"partner-box\"><div class=\"item\"><i class=\"fab fa-digital-ocean\"><\/i><\/div><div class=\"item\"><i class=\"fab fa-reddit\"><\/i><\/div><div class=\"item\"><i class=\"fab fa-dropbox\"><\/i><\/div><\/div><\/div><\/div><\/div><\/div><\/div><\/div>\t\t\t\t<\/div>\n\t\t\t\t<\/div>\n\t\t\t\t\t<\/div>\n\t\t<\/div>\n\t\t\t\t\t<\/div>\n\t\t<\/section>\n\t\t\t\t<section class=\"elementor-section elementor-top-section elementor-element elementor-element-0e67b36 elementor-section-full_width elementor-section-height-default elementor-section-height-default\" data-id=\"0e67b36\" data-element_type=\"section\" data-e-type=\"section\" data-settings=\"{&quot;background_background&quot;:&quot;classic&quot;}\">\n\t\t\t\t\t\t<div class=\"elementor-container elementor-column-gap-no\">\n\t\t\t\t\t<div class=\"elementor-column elementor-col-100 elementor-top-column elementor-element elementor-element-8d30bad\" data-id=\"8d30bad\" data-element_type=\"column\" data-e-type=\"column\">\n\t\t\t<div class=\"elementor-widget-wrap elementor-element-populated\">\n\t\t\t\t\t\t<div class=\"elementor-element elementor-element-ee527c2 elementor-widget elementor-widget-avrixteam\" data-id=\"ee527c2\" data-element_type=\"widget\" data-e-type=\"widget\" data-widget_type=\"avrixteam.default\">\n\t\t\t\t<div class=\"elementor-widget-container\">\n\t\t\t\t\t<div class=\"team-style-one-area\"><div class=\"container\"><div class=\"row\"><div class=\"col-lg-8 offset-lg-2\"><div class=\"site-heading text-center\"><h4 class=\"sub-title\">Nossos Especialistas<\/h4><h2 class=\"title\">Conhe\u00e7a os nosso h\u00e9rois<\/h2><\/div><\/div><\/div><\/div><div class=\"container\"><div class=\"row\"><!-- Single Item --><div class=\"col-xl-3 col-md-6 mb-30\"><div class=\"team-style-one\"><div class=\"thumb\"><img decoding=\"async\" src=\"https:\/\/flui.pro\/wp-content\/uploads\/2024\/06\/1-1.jpg\" alt=\"flui\"  \/><ul class=\"social\"><\/ul><\/div><div class=\"content\"><a href=\"#\"><i class=\"fas fa-comment-alt-lines\"><\/i><\/a><div class=\"info\"><h4><a href=\"https:\/\/wa.me\/5562993361143\">Felipe Ribeiro<\/a><\/h4><span>Programador<\/span><\/div><\/div><\/div><\/div><!-- End Single Item --><!-- Single Item --><div class=\"col-xl-3 col-md-6 mb-30\"><div class=\"team-style-one\"><div class=\"thumb\"><img decoding=\"async\" src=\"https:\/\/wordpress.validthemes.net\/avrix\/wp-content\/uploads\/2023\/07\/14.jpg\" alt=\"flui\"  \/><ul class=\"social\"><\/ul><\/div><div class=\"content\"><a href=\"#\"><i class=\"fas fa-comment-alt-lines\"><\/i><\/a><div class=\"info\"><h4><a href=\"https:\/\/wa.me\/5562993361143\">Geovanna<\/a><\/h4><span>Project Manager<\/span><\/div><\/div><\/div><\/div><!-- End Single Item --><!-- Single Item --><div class=\"col-xl-3 col-md-6 mb-30\"><div class=\"team-style-one\"><div class=\"thumb\"><img decoding=\"async\" src=\"https:\/\/wordpress.validthemes.net\/avrix\/wp-content\/uploads\/2023\/07\/15.jpg\" alt=\"flui\"  \/><ul class=\"social\"><\/ul><\/div><div class=\"content\"><a href=\"#\"><i class=\"fas fa-comment-alt-lines\"><\/i><\/a><div class=\"info\"><h4><a href=\"https:\/\/wa.me\/5562993361143\">Daves Matheus<\/a><\/h4><span>Designer<\/span><\/div><\/div><\/div><\/div><!-- End Single Item --><!-- Single Item --><div class=\"col-xl-3 col-md-6 mb-30\"><div class=\"team-style-one\"><div class=\"thumb\"><img decoding=\"async\" src=\"https:\/\/wordpress.validthemes.net\/avrix\/wp-content\/uploads\/2023\/07\/16.jpg\" alt=\"flui\"  \/><ul class=\"social\"><\/ul><\/div><div class=\"content\"><a href=\"#\"><i class=\"fas fa-comment-alt-lines\"><\/i><\/a><div class=\"info\"><h4><a href=\"https:\/\/wa.me\/5562993361143\">Janaina Souza<\/a><\/h4><span>Estagi\u00e1ria<\/span><\/div><\/div><\/div><\/div><!-- End Single Item --><\/div><\/div><\/div>\t\t\t\t<\/div>\n\t\t\t\t<\/div>\n\t\t\t\t\t<\/div>\n\t\t<\/div>\n\t\t\t\t\t<\/div>\n\t\t<\/section>\n\t\t\t\t<\/div>\n\t\t","protected":false},"excerpt":{"rendered":"<p>4milProjetos entregues Bem-vindo \u00e0 Flui.pro Onde a excel\u00eancia em servi\u00e7os digitais \u00e9 nossa miss\u00e3o. Com mais de 12 anos de experi\u00eancia no mercado, oferecemos solu\u00e7\u00f5es inovadoras e personalizadas para atender \u00e0s necessidades de nossos clientes. Nossa equipe \u00e9 composta por profissionais altamente qualificados em desenvolvimento de sites e aplicativos com WordPress, cria\u00e7\u00e3o de artes para&#8230;<\/p>\n","protected":false},"author":1,"featured_media":0,"parent":0,"menu_order":0,"comment_status":"closed","ping_status":"closed","template":"template-builder.php","meta":{"_joinchat":[],"footnotes":""},"class_list":["post-551","page","type-page","status-publish","hentry"],"_links":{"self":[{"href":"https:\/\/flui.pro\/index.php\/wp-json\/wp\/v2\/pages\/551","targetHints":{"allow":["GET"]}}],"collection":[{"href":"https:\/\/flui.pro\/index.php\/wp-json\/wp\/v2\/pages"}],"about":[{"href":"https:\/\/flui.pro\/index.php\/wp-json\/wp\/v2\/types\/page"}],"author":[{"embeddable":true,"href":"https:\/\/flui.pro\/index.php\/wp-json\/wp\/v2\/users\/1"}],"replies":[{"embeddable":true,"href":"https:\/\/flui.pro\/index.php\/wp-json\/wp\/v2\/comments?post=551"}],"version-history":[{"count":38,"href":"https:\/\/flui.pro\/index.php\/wp-json\/wp\/v2\/pages\/551\/revisions"}],"predecessor-version":[{"id":1299,"href":"https:\/\/flui.pro\/index.php\/wp-json\/wp\/v2\/pages\/551\/revisions\/1299"}],"wp:attachment":[{"href":"https:\/\/flui.pro\/index.php\/wp-json\/wp\/v2\/media?parent=551"}],"curies":[{"name":"wp","href":"https:\/\/api.w.org\/{rel}","templated":true}]}}